{"id":5639,"date":"2024-01-24T12:15:51","date_gmt":"2024-01-24T12:15:51","guid":{"rendered":"https:\/\/gamingdemo3.wpcreatorbd.com\/?post_type=product&#038;p=5639"},"modified":"2025-08-17T14:50:59","modified_gmt":"2025-08-17T14:50:59","slug":"netflix-turkey-gift-card","status":"publish","type":"product","link":"https:\/\/dnctopup.com\/store\/product\/netflix-turkey-gift-card\/","title":{"rendered":"Netflix Turkey Gift Card"},"content":{"rendered":"<p>\u00c0 propos de la carte cadeau Netflix Turquie\u00a0:<\/p>\n<p>Netflix est un service de streaming qui permet \u00e0 ses membres de regarder une grande vari\u00e9t\u00e9 de s\u00e9ries TV, films, documentaires et bien plus encore sur des milliers d&#8217;appareils connect\u00e9s. Achetez une carte cadeau Netflix Turquie et souscrivez \u00e0 un abonnement pour profiter des derni\u00e8res s\u00e9ries TV et regarder des films en ligne\u00a0! Regardez vos programmes sur plusieurs appareils, \u00e0 tout moment et o\u00f9 que vous soyez. T\u00e9l\u00e9chargez une s\u00e9lection de s\u00e9ries et de films pour les regarder hors ligne, o\u00f9 que vous soyez.<\/p>\n<ul>\n<li>Payez votre abonnement ou offrez-en un \u00e0 un proche.<\/li>\n<li>Les membres peuvent utiliser une carte Netflix pour r\u00e9gler leur facture. Les non-membres peuvent l&#8217;utiliser pour commencer<\/li>\n<li>\u00e0 regarder des divertissements exceptionnels imm\u00e9diatement, sur n&#8217;importe quel appareil.<\/li>\n<li>Valable uniquement pour le service Netflix via un compte Netflix.<\/li>\n<li>Valeur totale cr\u00e9dit\u00e9e sur votre compte Netflix lors de l&#8217;utilisation de la carte cadeau Netflix TR.<\/li>\n<li>Non remboursable et non monnayable, sauf si la loi l&#8217;exige.<\/li>\n<li>Elle n&#8217;expire pas.<\/li>\n<\/ul>\n","protected":false},"excerpt":{"rendered":"<p>Vous pouvez acheter une carte cadeau Netflix Turquie (TL) . Apr\u00e8s paiement, la carte cadeau Netflix Turquie vous sera envoy\u00e9e par e-mail dans les 5 minutes. Utilisez simplement le VPN Turquie, cr\u00e9ez un compte Netflix et utilisez la carte cadeau offerte par DNCTOPUP.<\/p>\n","protected":false},"featured_media":5640,"comment_status":"closed","ping_status":"closed","template":"","meta":{"site-sidebar-layout":"default","site-content-layout":"","ast-site-content-layout":"default","site-content-style":"default","site-sidebar-style":"default","ast-global-header-display":"","ast-banner-title-visibility":"","ast-main-header-display":"","ast-hfb-above-header-display":"","ast-hfb-below-header-display":"","ast-hfb-mobile-header-display":"","site-post-title":"","ast-breadcrumbs-content":"","ast-featured-img":"","footer-sml-layout":"","theme-transparent-header-meta":"default","adv-header-id-meta":"","stick-header-meta":"","header-above-stick-meta":"","header-main-stick-meta":"","header-below-stick-meta":"","astra-migrate-meta-layouts":"set","ast-page-background-enabled":"default","ast-page-background-meta":{"desktop":{"background-color":"var(--ast-global-color-5)","background-image":"","background-repeat":"repeat","background-position":"center center","background-size":"auto","background-attachment":"scroll","background-type":"","background-media":"","overlay-type":"","overlay-color":"","overlay-opacity":"","overlay-gradient":""},"tablet":{"background-color":"","background-image":"","background-repeat":"repeat","background-position":"center center","background-size":"auto","background-attachment":"scroll","background-type":"","background-media":"","overlay-type":"","overlay-color":"","overlay-opacity":"","overlay-gradient":""},"mobile":{"background-color":"","background-image":"","background-repeat":"repeat","background-position":"center center","background-size":"auto","background-attachment":"scroll","background-type":"","background-media":"","overlay-type":"","overlay-color":"","overlay-opacity":"","overlay-gradient":""}},"ast-content-background-meta":{"desktop":{"background-color":"var(--ast-global-color-4)","background-image":"","background-repeat":"repeat","background-position":"center center","background-size":"auto","background-attachment":"scroll","background-type":"","background-media":"","overlay-type":"","overlay-color":"","overlay-opacity":"","overlay-gradient":""},"tablet":{"background-color":"var(--ast-global-color-4)","background-image":"","background-repeat":"repeat","background-position":"center center","background-size":"auto","background-attachment":"scroll","background-type":"","background-media":"","overlay-type":"","overlay-color":"","overlay-opacity":"","overlay-gradient":""},"mobile":{"background-color":"var(--ast-global-color-4)","background-image":"","background-repeat":"repeat","background-position":"center center","background-size":"auto","background-attachment":"scroll","background-type":"","background-media":"","overlay-type":"","overlay-color":"","overlay-opacity":"","overlay-gradient":""}}},"product_brand":[],"product_cat":[49],"product_tag":[],"class_list":{"0":"post-5639","1":"product","2":"type-product","3":"status-publish","4":"has-post-thumbnail","6":"product_cat-gift-cards","7":"desktop-align-left","8":"tablet-align-left","9":"mobile-align-left","11":"first","12":"instock","13":"shipping-taxable","14":"purchasable","15":"product-type-variable"},"_links":{"self":[{"href":"https:\/\/dnctopup.com\/store\/wp-json\/wp\/v2\/product\/5639","targetHints":{"allow":["GET"]}}],"collection":[{"href":"https:\/\/dnctopup.com\/store\/wp-json\/wp\/v2\/product"}],"about":[{"href":"https:\/\/dnctopup.com\/store\/wp-json\/wp\/v2\/types\/product"}],"replies":[{"embeddable":true,"href":"https:\/\/dnctopup.com\/store\/wp-json\/wp\/v2\/comments?post=5639"}],"version-history":[{"count":4,"href":"https:\/\/dnctopup.com\/store\/wp-json\/wp\/v2\/product\/5639\/revisions"}],"predecessor-version":[{"id":5902,"href":"https:\/\/dnctopup.com\/store\/wp-json\/wp\/v2\/product\/5639\/revisions\/5902"}],"wp:featuredmedia":[{"embeddable":true,"href":"https:\/\/dnctopup.com\/store\/wp-json\/wp\/v2\/media\/5640"}],"wp:attachment":[{"href":"https:\/\/dnctopup.com\/store\/wp-json\/wp\/v2\/media?parent=5639"}],"wp:term":[{"taxonomy":"product_brand","embeddable":true,"href":"https:\/\/dnctopup.com\/store\/wp-json\/wp\/v2\/product_brand?post=5639"},{"taxonomy":"product_cat","embeddable":true,"href":"https:\/\/dnctopup.com\/store\/wp-json\/wp\/v2\/product_cat?post=5639"},{"taxonomy":"product_tag","embeddable":true,"href":"https:\/\/dnctopup.com\/store\/wp-json\/wp\/v2\/product_tag?post=5639"}],"curies":[{"name":"wp","href":"https:\/\/api.w.org\/{rel}","templated":true}]}}